{"id":54170,"date":"2022-10-25T09:14:33","date_gmt":"2022-10-25T07:14:33","guid":{"rendered":"https:\/\/geaarchitects.es\/aviso-legal\/"},"modified":"2022-10-25T09:14:33","modified_gmt":"2022-10-25T07:14:33","slug":"aviso-legal","status":"publish","type":"page","link":"https:\/\/geaarchitects.es\/en\/aviso-legal\/","title":{"rendered":"Aviso Legal"},"content":{"rendered":"<p>[et_pb_section fb_built=&#8221;1&#8243; custom_padding_last_edited=&#8221;on|desktop&#8221; admin_label=&#8221;Header&#8221; _builder_version=&#8221;4.18.0&#8243; background_enable_color=&#8221;off&#8221; background_color_gradient_direction=&#8221;130deg&#8221; background_enable_image=&#8221;off&#8221; custom_padding=&#8221;0vw||2vw||false|false&#8221; custom_padding_tablet=&#8221;100px||100px||true&#8221; custom_padding_phone=&#8221;||||true&#8221; bottom_divider_height=&#8221;134px&#8221; bottom_divider_repeat=&#8221;0x&#8221; bottom_divider_flip=&#8221;horizontal&#8221; bottom_divider_height_tablet=&#8221;150px&#8221; bottom_divider_height_phone=&#8221;110px&#8221; bottom_divider_height_last_edited=&#8221;on|phone&#8221; saved_tabs=&#8221;all&#8221; global_colors_info=&#8221;{}&#8221;][et_pb_row _builder_version=&#8221;4.16&#8243; custom_padding=&#8221;||0px|||&#8221; global_colors_info=&#8221;{}&#8221;][et_pb_column type=&#8221;4_4&#8243; _builder_version=&#8221;4.16&#8243; custom_padding=&#8221;|||&#8221; global_colors_info=&#8221;{}&#8221; custom_padding__hover=&#8221;|||&#8221;][et_pb_text _builder_version=&#8221;4.27.0&#8243; text_font=&#8221;Manrope||||||||&#8221; text_line_height=&#8221;2em&#8221; header_font=&#8221;Manrope|800|||||||&#8221; header_text_align=&#8221;left&#8221; header_text_color=&#8221;#ABAF00&#8243; header_font_size=&#8221;45px&#8221; header_2_font=&#8221;Poppins|700|on||||||&#8221; header_2_text_align=&#8221;left&#8221; header_2_font_size=&#8221;42px&#8221; header_3_font=&#8221;Poppins|700|on||||||&#8221; header_3_text_align=&#8221;center&#8221; header_3_text_color=&#8221;#20292f&#8221; header_3_font_size=&#8221;38px&#8221; max_width=&#8221;865px&#8221; custom_margin=&#8221;6px|0px|20px||false|false&#8221; custom_margin_tablet=&#8221;&#8221; custom_margin_phone=&#8221;-76px|0px|2px||false|false&#8221; custom_margin_last_edited=&#8221;on|phone&#8221; custom_padding=&#8221;26px|0px|0px||false|false&#8221; hover_enabled=&#8221;0&#8243; header_font_size_tablet=&#8221;&#8221; header_font_size_phone=&#8221;42px&#8221; header_font_size_last_edited=&#8221;on|phone&#8221; header_2_font_size_tablet=&#8221;&#8221; header_2_font_size_phone=&#8221;26px&#8221; header_2_font_size_last_edited=&#8221;on|phone&#8221; header_3_font_size_tablet=&#8221;26px&#8221; header_3_font_size_phone=&#8221;26px&#8221; header_3_font_size_last_edited=&#8221;on|desktop&#8221; global_colors_info=&#8221;{}&#8221; sticky_enabled=&#8221;0&#8243;]<\/p>\n<h1>Legal Advice<\/h1>\n<p>[\/et_pb_text][\/et_pb_column][\/et_pb_row][\/et_pb_section][et_pb_section fb_built=&#8221;1&#8243; admin_label=&#8221;Services&#8221; _builder_version=&#8221;4.16&#8243; custom_padding=&#8221;0px|0px|0px|0px|false|false&#8221; global_colors_info=&#8221;{}&#8221;][et_pb_row _builder_version=&#8221;4.16&#8243; custom_padding=&#8221;7px||6px|||&#8221; global_colors_info=&#8221;{}&#8221;][et_pb_column type=&#8221;4_4&#8243; _builder_version=&#8221;4.16&#8243; custom_padding=&#8221;|||&#8221; global_colors_info=&#8221;{}&#8221; custom_padding__hover=&#8221;|||&#8221;][et_pb_text _builder_version=&#8221;4.27.0&#8243; text_font=&#8221;||||||||&#8221; text_line_height=&#8221;2em&#8221; header_font=&#8221;Poppins|600|on||||||&#8221; header_text_align=&#8221;center&#8221; header_text_color=&#8221;#212721&#8243; header_font_size=&#8221;45px&#8221; header_2_font=&#8221;Manrope|600|||||||&#8221; header_2_text_align=&#8221;left&#8221; header_2_text_color=&#8221;#ABAF00&#8243; header_2_font_size=&#8221;30px&#8221; header_3_font=&#8221;Poppins|700|on||||||&#8221; header_3_text_align=&#8221;center&#8221; header_3_text_color=&#8221;#0b123c&#8221; header_3_font_size=&#8221;38px&#8221; max_width=&#8221;865px&#8221; custom_margin=&#8221;|0px|2px||false|false&#8221; custom_padding=&#8221;14px|0px|0px||false|false&#8221; hover_enabled=&#8221;0&#8243; header_2_font_size_tablet=&#8221;&#8221; header_2_font_size_phone=&#8221;26px&#8221; header_2_font_size_last_edited=&#8221;on|phone&#8221; header_3_font_size_tablet=&#8221;26px&#8221; header_3_font_size_phone=&#8221;26px&#8221; header_3_font_size_last_edited=&#8221;on|desktop&#8221; global_colors_info=&#8221;{}&#8221; sticky_enabled=&#8221;0&#8243;]<\/p>\n<h2>Legal Information<\/h2>\n<p>[\/et_pb_text][\/et_pb_column][\/et_pb_row][et_pb_row _builder_version=&#8221;4.16&#8243; custom_padding=&#8221;0px|||||&#8221; global_colors_info=&#8221;{}&#8221;][et_pb_column type=&#8221;4_4&#8243; _builder_version=&#8221;4.16&#8243; global_colors_info=&#8221;{}&#8221;][et_pb_text _builder_version=&#8221;4.27.0&#8243; text_font=&#8221;Manrope|500|||||||&#8221; text_text_color=&#8221;#212721&#8243; text_font_size=&#8221;16px&#8221; text_line_height=&#8221;1.4em&#8221; header_font=&#8221;Poppins|700|on||||||&#8221; header_text_align=&#8221;center&#8221; header_text_color=&#8221;#0b123c&#8221; header_font_size=&#8221;45px&#8221; header_2_font=&#8221;Poppins|700|on||||||&#8221; header_2_text_align=&#8221;left&#8221; header_2_font_size=&#8221;42px&#8221; header_3_font=&#8221;Poppins|700|on||||||&#8221; header_3_text_align=&#8221;center&#8221; header_3_text_color=&#8221;#20292f&#8221; header_3_font_size=&#8221;38px&#8221; custom_margin=&#8221;|0px|26px||false|false&#8221; custom_padding=&#8221;14px|0px|0px||false|false&#8221; hover_enabled=&#8221;0&#8243; header_2_font_size_tablet=&#8221;&#8221; header_2_font_size_phone=&#8221;26px&#8221; header_2_font_size_last_edited=&#8221;on|phone&#8221; header_3_font_size_tablet=&#8221;26px&#8221; header_3_font_size_phone=&#8221;26px&#8221; header_3_font_size_last_edited=&#8221;on|desktop&#8221; custom_css_main_element=&#8221;font-weight: 500;&#8221; locked=&#8221;off&#8221; global_colors_info=&#8221;{}&#8221; sticky_enabled=&#8221;0&#8243;]<\/p>\n<p>Gea Architects, es propietaria del nombre de dominio y p\u00e1ginas de Internet a las que se accede desde la direcci\u00f3n www.geaarchitects.es<a href=\"https:\/\/www.neumaticossoledad.com\"><\/a><\/p>\n<p><strong>CONTACT DETAILS:<\/strong><\/p>\n<p><strong>Address:<\/strong> Calle Santa Ana 9, 03204 Elche, Alicante<br \/><strong>C.I.F.<\/strong> n\u00ba B54794482<\/p>\n<p><strong>Phone.<\/strong> +34 966 67 43 18<br \/><strong>E-Mail: <\/strong>info@geaarchitects.es<\/p>\n<p><span lang=\"PT-BR\"><strong>PROPIEDAD INTELECTUAL E INDUSTRIAL:<\/strong><\/span><\/p>\n<p>La totalidad de este web site: texto, im\u00e1genes, marcas comerciales, logotipos, archivos de audio y video, botones, archivos de software, combinaciones de colores, as\u00ed como la estructura, selecci\u00f3n, ordenaci\u00f3n y presentaci\u00f3n de sus contenidos, se encuentra protegida por las leyes espa\u00f1olas e internacionales sobre propiedad Intelectual e Industrial. Asimismo, y sin perjuicio de lo anteriormente citado, el contenido de este web site tambi\u00e9n tiene la consideraci\u00f3n de programa de ordenador y le es de aplicaci\u00f3n toda la normativa espa\u00f1ola y comunitaria europea vigente sobre la materia. Queda expresamente prohibida la reproducci\u00f3n total o parcial de este web site ni de cualquiera de sus contenidos sin el permiso expreso y por escrito de Grupo Soledad.<\/p>\n<p>[\/et_pb_text][\/et_pb_column][\/et_pb_row][\/et_pb_section]<\/p>\n","protected":false},"excerpt":{"rendered":"<p>Legal AdviceLegal InformationGea Architects, es propietaria del nombre de dominio y p\u00e1ginas de Internet a las que se accede desde la direcci\u00f3n www.geaarchitects.es CONTACT DETAILS: Address: Calle Santa Ana 9, 03204 Elche, AlicanteC.I.F. n\u00ba B54794482 Phone. +34 966 67 43 18E-Mail: info@geaarchitects.es PROPIEDAD INTELECTUAL E INDUSTRIAL: La totalidad de este web site: texto, im\u00e1genes, marcas [&hellip;]<\/p>\n","protected":false},"author":2,"featured_media":0,"parent":0,"menu_order":0,"comment_status":"closed","ping_status":"closed","template":"","meta":{"_acf_changed":false,"_et_pb_use_builder":"on","_et_pb_old_content":"","_et_gb_content_width":"","om_disable_all_campaigns":false,"_monsterinsights_skip_tracking":false,"_monsterinsights_sitenote_active":false,"_monsterinsights_sitenote_note":"","_monsterinsights_sitenote_category":0,"footnotes":""},"class_list":["post-54170","page","type-page","status-publish","hentry"],"acf":[],"aioseo_notices":[],"_links":{"self":[{"href":"https:\/\/geaarchitects.es\/en\/wp-json\/wp\/v2\/pages\/54170","targetHints":{"allow":["GET"]}}],"collection":[{"href":"https:\/\/geaarchitects.es\/en\/wp-json\/wp\/v2\/pages"}],"about":[{"href":"https:\/\/geaarchitects.es\/en\/wp-json\/wp\/v2\/types\/page"}],"author":[{"embeddable":true,"href":"https:\/\/geaarchitects.es\/en\/wp-json\/wp\/v2\/users\/2"}],"replies":[{"embeddable":true,"href":"https:\/\/geaarchitects.es\/en\/wp-json\/wp\/v2\/comments?post=54170"}],"version-history":[{"count":0,"href":"https:\/\/geaarchitects.es\/en\/wp-json\/wp\/v2\/pages\/54170\/revisions"}],"wp:attachment":[{"href":"https:\/\/geaarchitects.es\/en\/wp-json\/wp\/v2\/media?parent=54170"}],"curies":[{"name":"wp","href":"https:\/\/api.w.org\/{rel}","templated":true}]}}