{"id":54171,"date":"2022-10-25T10:28:32","date_gmt":"2022-10-25T08:28:32","guid":{"rendered":"https:\/\/geaarchitects.es\/politica-cookies\/"},"modified":"2022-10-25T10:28:32","modified_gmt":"2022-10-25T08:28:32","slug":"politica-cookies","status":"publish","type":"page","link":"https:\/\/geaarchitects.es\/en\/politica-cookies\/","title":{"rendered":"Pol\u00edtica de Cookies"},"content":{"rendered":"<p>[et_pb_section fb_built=&#8221;1&#8243; custom_padding_last_edited=&#8221;on|desktop&#8221; admin_label=&#8221;Header&#8221; _builder_version=&#8221;4.18.0&#8243; background_enable_color=&#8221;off&#8221; background_color_gradient_direction=&#8221;130deg&#8221; background_enable_image=&#8221;off&#8221; custom_padding=&#8221;0vw||2vw||false|false&#8221; custom_padding_tablet=&#8221;100px||100px||true&#8221; custom_padding_phone=&#8221;||||true&#8221; bottom_divider_height=&#8221;134px&#8221; bottom_divider_repeat=&#8221;0x&#8221; bottom_divider_flip=&#8221;horizontal&#8221; bottom_divider_height_tablet=&#8221;150px&#8221; bottom_divider_height_phone=&#8221;110px&#8221; bottom_divider_height_last_edited=&#8221;on|phone&#8221; saved_tabs=&#8221;all&#8221; global_colors_info=&#8221;{}&#8221;][et_pb_row _builder_version=&#8221;4.16&#8243; custom_padding=&#8221;||0px|||&#8221; global_colors_info=&#8221;{}&#8221;][et_pb_column type=&#8221;4_4&#8243; _builder_version=&#8221;4.16&#8243; custom_padding=&#8221;|||&#8221; global_colors_info=&#8221;{}&#8221; custom_padding__hover=&#8221;|||&#8221;][et_pb_text _builder_version=&#8221;4.27.0&#8243; text_font=&#8221;||||||||&#8221; text_line_height=&#8221;2em&#8221; header_font=&#8221;Manrope|800|||||||&#8221; header_text_align=&#8221;left&#8221; header_text_color=&#8221;#ABAF00&#8243; header_font_size=&#8221;45px&#8221; header_2_font=&#8221;Poppins|700|on||||||&#8221; header_2_text_align=&#8221;left&#8221; header_2_font_size=&#8221;42px&#8221; header_3_font=&#8221;Poppins|700|on||||||&#8221; header_3_text_align=&#8221;center&#8221; header_3_text_color=&#8221;#20292f&#8221; header_3_font_size=&#8221;38px&#8221; max_width=&#8221;865px&#8221; custom_margin=&#8221;6px|0px|20px||false|false&#8221; custom_margin_tablet=&#8221;&#8221; custom_margin_phone=&#8221;-76px|0px|2px||false|false&#8221; custom_margin_last_edited=&#8221;on|phone&#8221; custom_padding=&#8221;26px|0px|0px||false|false&#8221; hover_enabled=&#8221;0&#8243; header_font_size_tablet=&#8221;&#8221; header_font_size_phone=&#8221;42px&#8221; header_font_size_last_edited=&#8221;on|phone&#8221; header_2_font_size_tablet=&#8221;&#8221; header_2_font_size_phone=&#8221;26px&#8221; header_2_font_size_last_edited=&#8221;on|phone&#8221; header_3_font_size_tablet=&#8221;26px&#8221; header_3_font_size_phone=&#8221;26px&#8221; header_3_font_size_last_edited=&#8221;on|desktop&#8221; global_colors_info=&#8221;{}&#8221; sticky_enabled=&#8221;0&#8243;]<\/p>\n<h1>Cookies Policy<\/h1>\n<p>[\/et_pb_text][\/et_pb_column][\/et_pb_row][\/et_pb_section][et_pb_section fb_built=&#8221;1&#8243; admin_label=&#8221;Services&#8221; _builder_version=&#8221;4.16&#8243; custom_padding=&#8221;0px|0px|0px|0px|false|false&#8221; global_colors_info=&#8221;{}&#8221;][et_pb_row _builder_version=&#8221;4.16&#8243; custom_padding=&#8221;7px||6px|||&#8221; global_colors_info=&#8221;{}&#8221;][et_pb_column type=&#8221;4_4&#8243; _builder_version=&#8221;4.16&#8243; custom_padding=&#8221;|||&#8221; global_colors_info=&#8221;{}&#8221; custom_padding__hover=&#8221;|||&#8221;][et_pb_text _builder_version=&#8221;4.27.0&#8243; text_font=&#8221;||||||||&#8221; text_line_height=&#8221;2em&#8221; header_font=&#8221;Poppins|600|on||||||&#8221; header_text_align=&#8221;center&#8221; header_text_color=&#8221;#212721&#8243; header_font_size=&#8221;45px&#8221; header_2_font=&#8221;Manrope|600|on||||||&#8221; header_2_text_align=&#8221;left&#8221; header_2_text_color=&#8221;#ABAF00&#8243; header_2_font_size=&#8221;30px&#8221; header_3_font=&#8221;Poppins|700|on||||||&#8221; header_3_text_align=&#8221;center&#8221; header_3_text_color=&#8221;#0b123c&#8221; header_3_font_size=&#8221;38px&#8221; max_width=&#8221;865px&#8221; custom_margin=&#8221;|0px|2px||false|false&#8221; custom_padding=&#8221;14px|0px|0px||false|false&#8221; hover_enabled=&#8221;0&#8243; header_2_font_size_tablet=&#8221;&#8221; header_2_font_size_phone=&#8221;26px&#8221; header_2_font_size_last_edited=&#8221;on|phone&#8221; header_3_font_size_tablet=&#8221;26px&#8221; header_3_font_size_phone=&#8221;26px&#8221; header_3_font_size_last_edited=&#8221;on|desktop&#8221; global_colors_info=&#8221;{}&#8221; sticky_enabled=&#8221;0&#8243;]<\/p>\n<h2>Cookies Information<\/h2>\n<p>[\/et_pb_text][\/et_pb_column][\/et_pb_row][et_pb_row _builder_version=&#8221;4.16&#8243; custom_padding=&#8221;0px|||||&#8221; global_colors_info=&#8221;{}&#8221;][et_pb_column type=&#8221;4_4&#8243; _builder_version=&#8221;4.16&#8243; global_colors_info=&#8221;{}&#8221;][et_pb_text _builder_version=&#8221;4.27.0&#8243; text_font=&#8221;Manrope|500|||||||&#8221; text_text_color=&#8221;#212721&#8243; text_font_size=&#8221;16px&#8221; text_line_height=&#8221;1.4em&#8221; header_font=&#8221;Poppins|700|on||||||&#8221; header_text_align=&#8221;center&#8221; header_text_color=&#8221;#0b123c&#8221; header_font_size=&#8221;45px&#8221; header_2_font=&#8221;Poppins|700|on||||||&#8221; header_2_text_align=&#8221;left&#8221; header_2_font_size=&#8221;42px&#8221; header_3_font=&#8221;Poppins|700|on||||||&#8221; header_3_text_align=&#8221;center&#8221; header_3_text_color=&#8221;#20292f&#8221; header_3_font_size=&#8221;38px&#8221; custom_margin=&#8221;|0px|26px||false|false&#8221; custom_padding=&#8221;14px|0px|0px||false|false&#8221; hover_enabled=&#8221;0&#8243; header_2_font_size_tablet=&#8221;&#8221; header_2_font_size_phone=&#8221;26px&#8221; header_2_font_size_last_edited=&#8221;on|phone&#8221; header_3_font_size_tablet=&#8221;26px&#8221; header_3_font_size_phone=&#8221;26px&#8221; header_3_font_size_last_edited=&#8221;on|desktop&#8221; custom_css_main_element=&#8221;font-weight: 500;&#8221; locked=&#8221;off&#8221; global_colors_info=&#8221;{}&#8221; sticky_enabled=&#8221;0&#8243;]<\/p>\n<p>Una cookie es un fichero que se descarga en su ordenador al acceder a determinadas p\u00e1ginas web. Las cookies permiten a una p\u00e1gina web, entre otras cosas, almacenar y recuperar informaci\u00f3n sobre los h\u00e1bitos de navegaci\u00f3n de un usuario o de su equipo y, dependiendo de la informaci\u00f3n que contengan y de la forma en que utilice su equipo, pueden utilizarse para reconocer al usuario.<\/p>\n<p>Puede usted permitir, bloquear o eliminar las cookies instaladas en su equipo mediante la configuraci\u00f3n de las opciones del navegador instalado en su ordenador.<\/p>\n<p>Responsable del tratamiento se reserva el derecho a modificar la presente Pol\u00edtica de Cookies como consecuencia de un cambio normativo o por un cambio en la configuraci\u00f3n de las mismas, por ello le recomendamos revisar peri\u00f3dicamente la misma con el objetivo de estar adecuadamente informado sobre c\u00f3mo y para qu\u00e9 utilizamos las cookies.<\/p>\n<p>En funci\u00f3n de su naturaleza, las cookies pueden clasificarse en:<\/p>\n<p><strong>\u2022 Cookies de sesi\u00f3n y Cookies permanentes:<\/strong> las primeras son eliminadas al cerrar el navegador, mientras que las segundas permanecen en el equipo inform\u00e1tico.<br \/><strong>\u2022 Cookies propias y Cookies de terceros:<\/strong> en funci\u00f3n de si pertenecen al titular de la web, o a un tercero.<br \/><strong>\u2022 Cookies t\u00e9cnicas:<\/strong> aqu\u00e9llas que permiten al usuario la navegaci\u00f3n a trav\u00e9s de una p\u00e1gina web y la utilizaci\u00f3n de las diferentes opciones o servicios que en ella existan como, por ejemplo, controlar el tr\u00e1fico y la comunicaci\u00f3n de datos, identificar la sesi\u00f3n, acceder a \u00e1reas de acceso restringido, recordar los elementos que integran un pedido, realizar el proceso de compra de un pedido, realizar la solicitud de inscripci\u00f3n o participaci\u00f3n en un evento, utilizar elementos de seguridad durante la navegaci\u00f3n, almacenar contenidos para la difusi\u00f3n de videos o sonido o compartir contenidos a trav\u00e9s de redes sociales.<br \/><strong>\u2022 Cookies de personalizaci\u00f3n:<\/strong> aqu\u00e9llas que permiten al usuario acceder al servicio con algunas caracter\u00edsticas de car\u00e1cter general en funci\u00f3n de una serie de criterios predefinidos en el terminal del usuario como, por ejemplo, el idioma, el tipo de navegador a trav\u00e9s del cual accede al servicio, la configuraci\u00f3n regional desde donde accede al servicio, etc.<br \/><strong>\u2022 Cookies de an\u00e1lisis:<\/strong> Son aqu\u00e9llas que permiten al responsable de las mismas, el seguimiento y an\u00e1lisis del comportamiento de los usuarios de los sitios web a los que est\u00e1n vinculadas. La informaci\u00f3n recogida mediante este tipo de cookies se utiliza en la medici\u00f3n de la actividad de los sitios web y para la elaboraci\u00f3n de perfiles de navegaci\u00f3n de los usuarios de dichos sitios, con el fin de introducir mejoras en funci\u00f3n del an\u00e1lisis de los datos de uso que hacen los usuarios del servicio.<br \/><strong>\u2022 Cookies publicitarias:<\/strong> Son aqu\u00e9llas que permiten la gesti\u00f3n de los espacios publicitarios que se incluyan en la p\u00e1gina web.<br \/><strong>\u2022 Cookies de publicidad comportamental:<\/strong> almacenan informaci\u00f3n del comportamiento de los usuarios obtenida a trav\u00e9s de la observaci\u00f3n continuada de sus h\u00e1bitos de navegaci\u00f3n, lo que permite desarrollar un perfil espec\u00edfico para mostrar publicidad en funci\u00f3n del mismo.<\/p>\n<p><strong>En concreto esta web hace uso de cookies con la siguiente funcionalidad:<\/strong><br \/>Configuraci\u00f3n general del usuario, permite conocer la IP del cliente, dispositivo\u2026<br \/>Detectar el pa\u00eds de conexi\u00f3n del cliente (Duraci\u00f3n de la propia sesi\u00f3n del usuario)<\/p>\n<p><strong>Finalidad de las cookies de Terceros que usamos:<\/strong><br \/>Recabar informaci\u00f3n an\u00f3nima sobre las veces que visita el sitio un usuario, calculan el inicio de la sesi\u00f3n y si \u00e9sta se debe mantener abierta, registran el origen de las visitas y otros datos estad\u00edsticos similares.<br \/>Recabar informaci\u00f3n en cuanto a la navegaci\u00f3n del usuario para poder mejorar su experiencia de compra.<br \/>An\u00e1lisis de navegaci\u00f3n con el fin de proporcionar publicidad espec\u00edfica para el usuario.<\/p>\n<p>El responsable del tratamiento se reserva el derecho a modificar la presente Pol\u00edtica de Cookies como consecuencia de un cambio normativo o por un cambio en la configuraci\u00f3n de las mismas, por ello le recomendamos revisar peri\u00f3dicamente la misma con el objetivo de estar adecuadamente informado sobre c\u00f3mo y para qu\u00e9 utilizamos las cookies.<\/p>\n<p>[\/et_pb_text][\/et_pb_column][\/et_pb_row][\/et_pb_section]<\/p>\n","protected":false},"excerpt":{"rendered":"<p>Cookies PolicyCookies InformationUna cookie es un fichero que se descarga en su ordenador al acceder a determinadas p\u00e1ginas web. Las cookies permiten a una p\u00e1gina web, entre otras cosas, almacenar y recuperar informaci\u00f3n sobre los h\u00e1bitos de navegaci\u00f3n de un usuario o de su equipo y, dependiendo de la informaci\u00f3n que contengan y de la [&hellip;]<\/p>\n","protected":false},"author":2,"featured_media":0,"parent":0,"menu_order":0,"comment_status":"closed","ping_status":"closed","template":"","meta":{"_acf_changed":false,"_et_pb_use_builder":"on","_et_pb_old_content":"","_et_gb_content_width":"","om_disable_all_campaigns":false,"_monsterinsights_skip_tracking":false,"_monsterinsights_sitenote_active":false,"_monsterinsights_sitenote_note":"","_monsterinsights_sitenote_category":0,"footnotes":""},"class_list":["post-54171","page","type-page","status-publish","hentry"],"acf":[],"aioseo_notices":[],"_links":{"self":[{"href":"https:\/\/geaarchitects.es\/en\/wp-json\/wp\/v2\/pages\/54171","targetHints":{"allow":["GET"]}}],"collection":[{"href":"https:\/\/geaarchitects.es\/en\/wp-json\/wp\/v2\/pages"}],"about":[{"href":"https:\/\/geaarchitects.es\/en\/wp-json\/wp\/v2\/types\/page"}],"author":[{"embeddable":true,"href":"https:\/\/geaarchitects.es\/en\/wp-json\/wp\/v2\/users\/2"}],"replies":[{"embeddable":true,"href":"https:\/\/geaarchitects.es\/en\/wp-json\/wp\/v2\/comments?post=54171"}],"version-history":[{"count":0,"href":"https:\/\/geaarchitects.es\/en\/wp-json\/wp\/v2\/pages\/54171\/revisions"}],"wp:attachment":[{"href":"https:\/\/geaarchitects.es\/en\/wp-json\/wp\/v2\/media?parent=54171"}],"curies":[{"name":"wp","href":"https:\/\/api.w.org\/{rel}","templated":true}]}}