{"id":54172,"date":"2022-10-25T10:02:50","date_gmt":"2022-10-25T08:02:50","guid":{"rendered":"https:\/\/geaarchitects.es\/politica-privacidad\/"},"modified":"2022-10-25T10:02:50","modified_gmt":"2022-10-25T08:02:50","slug":"politica-privacidad","status":"publish","type":"page","link":"https:\/\/geaarchitects.es\/en\/politica-privacidad\/","title":{"rendered":"Pol\u00edtica de Privacidad"},"content":{"rendered":"<p>[et_pb_section fb_built=&#8221;1&#8243; custom_padding_last_edited=&#8221;on|desktop&#8221; admin_label=&#8221;Header&#8221; _builder_version=&#8221;4.18.0&#8243; background_enable_color=&#8221;off&#8221; background_color_gradient_direction=&#8221;130deg&#8221; background_enable_image=&#8221;off&#8221; custom_padding=&#8221;0vw||2vw||false|false&#8221; custom_padding_tablet=&#8221;100px||100px||true&#8221; custom_padding_phone=&#8221;||||true&#8221; bottom_divider_height=&#8221;134px&#8221; bottom_divider_repeat=&#8221;0x&#8221; bottom_divider_flip=&#8221;horizontal&#8221; bottom_divider_height_tablet=&#8221;150px&#8221; bottom_divider_height_phone=&#8221;110px&#8221; bottom_divider_height_last_edited=&#8221;on|phone&#8221; saved_tabs=&#8221;all&#8221; global_colors_info=&#8221;{}&#8221;][et_pb_row _builder_version=&#8221;4.16&#8243; custom_padding=&#8221;||0px|||&#8221; global_colors_info=&#8221;{}&#8221;][et_pb_column type=&#8221;4_4&#8243; _builder_version=&#8221;4.16&#8243; custom_padding=&#8221;|||&#8221; global_colors_info=&#8221;{}&#8221; custom_padding__hover=&#8221;|||&#8221;][et_pb_text _builder_version=&#8221;4.27.0&#8243; text_font=&#8221;||||||||&#8221; text_line_height=&#8221;2em&#8221; header_font=&#8221;Manrope|800|||||||&#8221; header_text_align=&#8221;left&#8221; header_text_color=&#8221;#ABAF00&#8243; header_font_size=&#8221;45px&#8221; header_2_font=&#8221;Poppins|700|on||||||&#8221; header_2_text_align=&#8221;left&#8221; header_2_font_size=&#8221;42px&#8221; header_3_font=&#8221;Poppins|700|on||||||&#8221; header_3_text_align=&#8221;center&#8221; header_3_text_color=&#8221;#20292f&#8221; header_3_font_size=&#8221;38px&#8221; max_width=&#8221;865px&#8221; custom_margin=&#8221;6px|0px|20px||false|false&#8221; custom_margin_tablet=&#8221;&#8221; custom_margin_phone=&#8221;-76px|0px|2px||false|false&#8221; custom_margin_last_edited=&#8221;on|phone&#8221; custom_padding=&#8221;26px|0px|0px||false|false&#8221; hover_enabled=&#8221;0&#8243; header_font_size_tablet=&#8221;&#8221; header_font_size_phone=&#8221;42px&#8221; header_font_size_last_edited=&#8221;on|phone&#8221; header_2_font_size_tablet=&#8221;&#8221; header_2_font_size_phone=&#8221;26px&#8221; header_2_font_size_last_edited=&#8221;on|phone&#8221; header_3_font_size_tablet=&#8221;26px&#8221; header_3_font_size_phone=&#8221;26px&#8221; header_3_font_size_last_edited=&#8221;on|desktop&#8221; global_colors_info=&#8221;{}&#8221; sticky_enabled=&#8221;0&#8243;]<\/p>\n<h1>Privacy Policy<\/h1>\n<p>[\/et_pb_text][\/et_pb_column][\/et_pb_row][\/et_pb_section][et_pb_section fb_built=&#8221;1&#8243; admin_label=&#8221;Services&#8221; _builder_version=&#8221;4.16&#8243; custom_padding=&#8221;0px|0px|0px|0px|false|false&#8221; global_colors_info=&#8221;{}&#8221;][et_pb_row _builder_version=&#8221;4.16&#8243; custom_padding=&#8221;7px||6px|||&#8221; global_colors_info=&#8221;{}&#8221;][et_pb_column type=&#8221;4_4&#8243; _builder_version=&#8221;4.16&#8243; custom_padding=&#8221;|||&#8221; global_colors_info=&#8221;{}&#8221; custom_padding__hover=&#8221;|||&#8221;][et_pb_text _builder_version=&#8221;4.27.0&#8243; text_font=&#8221;||||||||&#8221; text_line_height=&#8221;2em&#8221; header_font=&#8221;Poppins|600|on||||||&#8221; header_text_align=&#8221;center&#8221; header_text_color=&#8221;#212721&#8243; header_font_size=&#8221;45px&#8221; header_2_font=&#8221;Manrope|600|on||||||&#8221; header_2_text_align=&#8221;left&#8221; header_2_text_color=&#8221;#ABAF00&#8243; header_2_font_size=&#8221;30px&#8221; header_3_font=&#8221;Poppins|700|on||||||&#8221; header_3_text_align=&#8221;center&#8221; header_3_text_color=&#8221;#0b123c&#8221; header_3_font_size=&#8221;38px&#8221; max_width=&#8221;865px&#8221; custom_margin=&#8221;|0px|2px||false|false&#8221; custom_padding=&#8221;14px|0px|0px||false|false&#8221; hover_enabled=&#8221;0&#8243; header_2_font_size_tablet=&#8221;&#8221; header_2_font_size_phone=&#8221;26px&#8221; header_2_font_size_last_edited=&#8221;on|phone&#8221; header_3_font_size_tablet=&#8221;26px&#8221; header_3_font_size_phone=&#8221;26px&#8221; header_3_font_size_last_edited=&#8221;on|desktop&#8221; global_colors_info=&#8221;{}&#8221; sticky_enabled=&#8221;0&#8243;]<\/p>\n<h2>Privacy Information<\/h2>\n<p>[\/et_pb_text][\/et_pb_column][\/et_pb_row][et_pb_row _builder_version=&#8221;4.16&#8243; custom_padding=&#8221;0px|||||&#8221; global_colors_info=&#8221;{}&#8221;][et_pb_column type=&#8221;4_4&#8243; _builder_version=&#8221;4.16&#8243; global_colors_info=&#8221;{}&#8221;][et_pb_text _builder_version=&#8221;4.27.0&#8243; text_font=&#8221;Manrope|500|||||||&#8221; text_text_color=&#8221;#212721&#8243; text_font_size=&#8221;16px&#8221; text_line_height=&#8221;1.4em&#8221; header_font=&#8221;Poppins|700|on||||||&#8221; header_text_align=&#8221;center&#8221; header_text_color=&#8221;#0b123c&#8221; header_font_size=&#8221;45px&#8221; header_2_font=&#8221;Poppins|700|on||||||&#8221; header_2_text_align=&#8221;left&#8221; header_2_font_size=&#8221;42px&#8221; header_3_font=&#8221;Poppins|700|on||||||&#8221; header_3_text_align=&#8221;center&#8221; header_3_text_color=&#8221;#20292f&#8221; header_3_font_size=&#8221;38px&#8221; custom_margin=&#8221;|0px|26px||false|false&#8221; custom_padding=&#8221;14px|0px|0px||false|false&#8221; hover_enabled=&#8221;0&#8243; header_2_font_size_tablet=&#8221;&#8221; header_2_font_size_phone=&#8221;26px&#8221; header_2_font_size_last_edited=&#8221;on|phone&#8221; header_3_font_size_tablet=&#8221;26px&#8221; header_3_font_size_phone=&#8221;26px&#8221; header_3_font_size_last_edited=&#8221;on|desktop&#8221; custom_css_main_element=&#8221;font-weight: 500;&#8221; locked=&#8221;off&#8221; global_colors_info=&#8221;{}&#8221; sticky_enabled=&#8221;0&#8243;]<\/p>\n<p><strong>1.- Responsable del tratamiento<\/strong><\/p>\n<p>GEA Architects, con C\u00f3digo de Identificaci\u00f3n Fiscal <span>B54794482<\/span>, con domicilio social en Calle Santa Ana 9, 03204 Elche, Alicante, inscrita en el Registro Mercantil ##.<\/p>\n<p>Puede contactarnos a trav\u00e9s del tel\u00e9fono +<span>34 966 67 43 18 <\/span>o por correo electr\u00f3nico en la direcci\u00f3n info@geaarchitects.es<\/p>\n<p><strong>2.- Recogida y tratamiento de datos de car\u00e1cter personal<\/strong><\/p>\n<p>Los datos como Nombre, Apellido, Email y Tel\u00e9fono ser\u00e1n recogidos en el formulario de contacto de la p\u00e1gina Contact. Estos datos ser\u00e1n incorporados a un fichero con el objetivo de gestionar la tramitaci\u00f3n y ejecuci\u00f3n de su pedido. De haber otorgado previamente su consentimiento expreso, utilizaremos su direcci\u00f3n de correo electr\u00f3nico para el env\u00edo de comunicaciones comerciales (por email, por sms, por notificaciones push en el caso de que se trate de un App y por correo ordinario). Usted puede darse de baja de las mismas en cualquier momento.<\/p>\n<p>Salvo que usted consienta de forma expresa la continuaci\u00f3n del uso de sus datos personales, estos ser\u00e1n bloqueados una vez se haya ejecutado el pedido y el precio de compra haya sido abonado en su totalidad. Sus datos personales ser\u00e1n eliminados transcurrido el plazo legalmente establecido para el cumplimiento de nuestras obligaciones mercantiles y fiscales, siempre y cuando usted no haya autorizado expresamente la continuaci\u00f3n de su uso.<\/p>\n<p>Seg\u00fan la legislaci\u00f3n actual vigente; le informamos de que en GEA Architects tratamos los datos personales que nos facilita para las siguientes finalidades:<\/p>\n<p>1. Tramitar su alta como cliente y gestionar el proceso de compra.<br \/>2. Env\u00edo de comunicaciones comerciales sobre los productos de GEA Architects (correos electr\u00f3nicos, llamadas telef\u00f3nicas, SMS, notificaciones PUSH, correo ordinario, etc.).<br \/>3. Elaboraci\u00f3n de perfiles comerciales en base a la informaci\u00f3n obtenida de fuentes internas y externas, con la finalidad de remitirte publicidad personalizada y analizar su comportamiento de compra para mejorar la experiencia de la web.<br \/>4. Prevenci\u00f3n de abusos y fraudes (actividades fraudulentas, ataques de denegaci\u00f3n de servicios, entre otros).<br \/>5. Cesi\u00f3n de datos a organismos y autoridades p\u00fablicas (administrativas o judiciales), siempre y cuando sean requeridos de conformidad con las disposiciones legales y reglamentarias.<\/p>\n<p><strong>3.- Destinatarios de los datos de car\u00e1cter personal<\/strong><\/p>\n<p>Sus datos de car\u00e1cter personal ser\u00e1n comunicados a la agencia de transporte encargada del env\u00edo de la mercanc\u00eda. Igualmente, sus datos ser\u00e1n cedidos, en su caso, a la entidad de cr\u00e9dito prestadora de los servicios del pago dentro del marco de la gesti\u00f3n del pago. Aunque en la web de www.geaarchitects.es es usted mismo el que los cede al medio de pago que elija. GEA Architects en ning\u00fan momento conocen sus datos de pago.<\/p>\n<p>Adem\u00e1s, podr\u00edan ser cedidos a empresas de nuestro grupo si usted solicitara dicho contacto expreso, o si preguntara por alg\u00fan servicio a una empresa cuando la respuesta debiera de d\u00e1rsela otra. En ese caso le responder\u00e1 la empresa del grupo que proceda. Sus datos no se utilizar\u00e1n en ese caso para nada m\u00e1s que para darle respuesta a sus consultas.<\/p>\n<p>Tambi\u00e9n podr\u00e1n cederse a empresas fabricantes de neum\u00e1ticos o gestores de promociones, con la \u00fanica y exclusiva finalidad de gestionar una promoci\u00f3n concreta a la que usted quiera adherirse. En ese caso lo har\u00e1 de manera expresa en el momento de querer participar en la promoci\u00f3n y le informaremos convenientemente de que se har\u00eda esa cesi\u00f3n para poder ejecutar la promoci\u00f3n.<\/p>\n<p>Adem\u00e1s, sus datos tambi\u00e9n podr\u00e1n ser cedidos a organismos y autoridades p\u00fablicas (administrativas o judiciales) en aquellos casos en los que una norma legal as\u00ed lo establezca.<\/p>\n<p>En ning\u00fan caso venderemos sus datos a terceros, ni los compartiremos con nadie m\u00e1s.<\/p>\n<p><strong>4.- Derechos de acceso, rectificaci\u00f3n, cancelaci\u00f3n y oposici\u00f3n<\/strong><\/p>\n<p>Tiene derecho a acceder a sus datos personales, as\u00ed como a solicitar la rectificaci\u00f3n de los datos inexactos o, en su caso, solicitar su supresi\u00f3n cuando, entre otros motivos, los datos ya no sean necesarios para los fines que fueron recogidos.<br \/>En determinadas circunstancias, podr\u00e1 solicitar la limitaci\u00f3n del tratamiento de sus datos, en cuyo caso \u00fanicamente los conservaremos para el ejercicio o la defensa de reclamaciones.<\/p>\n<p>En determinadas circunstancias y por motivos relacionados con su situaci\u00f3n particular, podr\u00e1 oponerse al tratamiento de sus datos. GEA Architects dejar\u00e1 de tratar los datos, salvo por motivos leg\u00edtimos imperiosos, o el ejercicio o la defensa de posibles reclamaciones.<br \/>Asimismo, puede ejercer el derecho a la portabilidad de los datos, as\u00ed como retirar los consentimientos facilitados en cualquier momento, sin que ello afecte a la licitud del tratamiento basado en el consentimiento previo a su retirada.<\/p>\n<p>Usted puede ejercer sus derechos de acceso, rectificaci\u00f3n y cancelaci\u00f3n y oposici\u00f3n sobre sus datos personales, de forma gratuita:<\/p>\n<p>\u2013 Enviando un correo electr\u00f3nico a la direcci\u00f3n info@geaarchitects.es<\/p>\n<p>\u2013 Por tel\u00e9fono en el +<span>34 966 67 43 18<\/span><\/p>\n<p>\u2013 Por correo ordinario a Calle Santa Ana 9, 03204 Elche, Alicante.<\/p>\n<p>La solicitud de ejercicio de cualesquiera de sus derechos deber\u00e1 ir acompa\u00f1ada de una copia de documento oficial que le identifique (DNI, carnet de conducir o pasaporte).<br \/>Por \u00faltimo le informamos que puede dirigirse ante la Agencia Espa\u00f1ola de Protecci\u00f3n de Datos y dem\u00e1s organismos p\u00fablicos competentes para cualquier reclamaci\u00f3n derivada del tratamiento de sus datos personales.<\/p>\n<p>[\/et_pb_text][\/et_pb_column][\/et_pb_row][\/et_pb_section]<\/p>\n","protected":false},"excerpt":{"rendered":"<p>Privacy PolicyPrivacy Information1.- Responsable del tratamiento GEA Architects, con C\u00f3digo de Identificaci\u00f3n Fiscal B54794482, con domicilio social en Calle Santa Ana 9, 03204 Elche, Alicante, inscrita en el Registro Mercantil ##. Puede contactarnos a trav\u00e9s del tel\u00e9fono +34 966 67 43 18 o por correo electr\u00f3nico en la direcci\u00f3n info@geaarchitects.es 2.- Recogida y tratamiento de [&hellip;]<\/p>\n","protected":false},"author":2,"featured_media":0,"parent":0,"menu_order":0,"comment_status":"closed","ping_status":"closed","template":"","meta":{"_acf_changed":false,"_et_pb_use_builder":"on","_et_pb_old_content":"","_et_gb_content_width":"","om_disable_all_campaigns":false,"_monsterinsights_skip_tracking":false,"_monsterinsights_sitenote_active":false,"_monsterinsights_sitenote_note":"","_monsterinsights_sitenote_category":0,"footnotes":""},"class_list":["post-54172","page","type-page","status-publish","hentry"],"acf":[],"aioseo_notices":[],"_links":{"self":[{"href":"https:\/\/geaarchitects.es\/en\/wp-json\/wp\/v2\/pages\/54172","targetHints":{"allow":["GET"]}}],"collection":[{"href":"https:\/\/geaarchitects.es\/en\/wp-json\/wp\/v2\/pages"}],"about":[{"href":"https:\/\/geaarchitects.es\/en\/wp-json\/wp\/v2\/types\/page"}],"author":[{"embeddable":true,"href":"https:\/\/geaarchitects.es\/en\/wp-json\/wp\/v2\/users\/2"}],"replies":[{"embeddable":true,"href":"https:\/\/geaarchitects.es\/en\/wp-json\/wp\/v2\/comments?post=54172"}],"version-history":[{"count":0,"href":"https:\/\/geaarchitects.es\/en\/wp-json\/wp\/v2\/pages\/54172\/revisions"}],"wp:attachment":[{"href":"https:\/\/geaarchitects.es\/en\/wp-json\/wp\/v2\/media?parent=54172"}],"curies":[{"name":"wp","href":"https:\/\/api.w.org\/{rel}","templated":true}]}}